{"id":45,"date":"2025-06-05T19:42:12","date_gmt":"2025-06-05T19:42:12","guid":{"rendered":"https:\/\/proyectoimagen.cl\/Portafolio\/?page_id=45"},"modified":"2025-06-06T05:55:59","modified_gmt":"2025-06-06T05:55:59","slug":"acerca-de-mi-2","status":"publish","type":"page","link":"https:\/\/proyectoimagen.cl\/Portafolio\/?page_id=45","title":{"rendered":"Acerca de m\u00ed"},"content":{"rendered":"\t\t<div data-elementor-type=\"wp-page\" data-elementor-id=\"45\" class=\"elementor elementor-45\">\n\t\t\t\t<div class=\"elementor-element elementor-element-29c7575 e-flex e-con-boxed e-con e-parent\" data-id=\"29c7575\" data-element_type=\"container\">\n\t\t\t\t\t<div class=\"e-con-inner\">\n\t\t\t\t<div class=\"elementor-element elementor-element-c34a697 elementor-widget elementor-widget-link-in-bio\" data-id=\"c34a697\" data-element_type=\"widget\" data-widget_type=\"link-in-bio.default\">\n\t\t\t\t<div class=\"elementor-widget-container\">\n\t\t\t\t\t\t\t<div class=\"e-link-in-bio e-link-in-bio\">\n\t\t\t<div class=\"e-link-in-bio__content\">\n\n\t\t\t\t\t\t<div class=\"e-link-in-bio__identity\">\n\t\t\t\t\t\t\t\t\t<div class=\"e-link-in-bio__identity-image e-link-in-bio__identity-image-profile has-style-circle\">\n\t\t\t\t\t\t\t<img fetchpriority=\"high\" decoding=\"async\" width=\"240\" height=\"300\" src=\"https:\/\/proyectoimagen.cl\/Portafolio\/wp-content\/uploads\/2025\/06\/Jennifer-Silva-Photoroom-240x300.png\" class=\"e-link-in-bio__identity-image-element\" alt=\"\" srcset=\"https:\/\/proyectoimagen.cl\/Portafolio\/wp-content\/uploads\/2025\/06\/Jennifer-Silva-Photoroom-240x300.png 240w, https:\/\/proyectoimagen.cl\/Portafolio\/wp-content\/uploads\/2025\/06\/Jennifer-Silva-Photoroom-820x1024.png 820w, https:\/\/proyectoimagen.cl\/Portafolio\/wp-content\/uploads\/2025\/06\/Jennifer-Silva-Photoroom-768x959.png 768w, https:\/\/proyectoimagen.cl\/Portafolio\/wp-content\/uploads\/2025\/06\/Jennifer-Silva-Photoroom.png 990w\" sizes=\"(max-width: 240px) 100vw, 240px\" \/>\t\t\t\t\t\t\t\t\t\t\t\t\t<\/div>\n\t\t\t\t\t\t\t<\/div>\n\t\t\t\t\t<div class=\"e-link-in-bio__bio\">\n\t\t\t\t<h2 class=\"e-link-in-bio__heading\">Jennifer Silva<\/h2>\t\t\t\t<h3 class=\"e-link-in-bio__title\">Product Designer \/ Ux Lead<\/h3>\t\t\t\t\t\t\t\t<p class=\"e-link-in-bio__description\">Product Designer, con m\u00e1s de 9 a\u00f1os de experiencia en proyectos digitales para desktop, mobile y apps. He liderado procesos como UX Lead, integrando investigaci\u00f3n con usuarios para dise\u00f1ar soluciones centradas en sus necesidades. \n\nTrabajo en equipos multidisciplinarios, con enfoque estrat\u00e9gico, pensamiento \u00e1gil y excelente comunicaci\u00f3n interna y con clientes.<\/p>\t\t\t<\/div>\n\t\t\t\t\t<div class=\"e-link-in-bio__icons has-size-small\">\n\t\t\t\t\t\t\t<div class=\"e-link-in-bio__icon is-size-small\">\n\t\t\t\t\t<a target=\"_blank\" rel=\"noopener \" aria-label=\"LinkedIn\" class=\"e-link-in-bio__icon-link\" href=\"\">\n\t\t\t\t\t\t<span class=\"e-link-in-bio__icon-svg\">\n\t\t\t\t\t\t\t<svg aria-hidden=\"true\" class=\"e-font-icon-svg e-fab-linkedin-in\" viewBox=\"0 0 448 512\" xmlns=\"http:\/\/www.w3.org\/2000\/svg\"><path d=\"M100.28 448H7.4V148.9h92.88zM53.79 108.1C24.09 108.1 0 83.5 0 53.8a53.79 53.79 0 0 1 107.58 0c0 29.7-24.1 54.3-53.79 54.3zM447.9 448h-92.68V302.4c0-34.7-.7-79.2-48.29-79.2-48.29 0-55.69 37.7-55.69 76.7V448h-92.78V148.9h89.08v40.8h1.3c12.4-23.5 42.69-48.3 87.88-48.3 94 0 111.28 61.9 111.28 142.3V448z\"><\/path><\/svg>\t\t\t\t\t\t<\/span>\n\t\t\t\t\t\t\t\t\t\t\t<\/a>\n\t\t\t\t<\/div>\n\t\t\t\t\t<\/div>\n\t\t\n\t\t<div class=\"e-link-in-bio__ctas has-type-button\">\n\t\t\t\t\t\t\t<a class=\"e-link-in-bio__cta is-type-button has-corners-rounded\" href=\"mailto:jennifer.silva2024@gmail.com?subject=Enviar%20Mensaje\">\n\t\t\t\t\t\t\t\t\t\t<span class=\"e-link-in-bio__cta-text\">\n\t\t\t\t\t\tjennifer.silva2024@gmail.com\t\t\t\t\t<\/span>\n\t\t\t\t<\/a>\n\t\t\t\t\t<\/div>\n\t\t\n\t\t\t<\/div>\n\t\t\t<div class=\"e-link-in-bio__bg\">\n\t\t\t\t<div class=\"e-link-in-bio__bg-overlay\"><\/div>\n\t\t\t<\/div>\n\t\t<\/div>\n\t\t\t\t\t\t<\/div>\n\t\t\t\t<\/div>\n\t\t\t\t\t<\/div>\n\t\t\t\t<\/div>\n\t\t\t\t<\/div>\n\t\t","protected":false},"excerpt":{"rendered":"<p>Jennifer Silva Product Designer \/ Ux Lead Product Designer, con m\u00e1s de 9 a\u00f1os de experiencia en proyectos digitales para desktop, mobile y apps. He liderado procesos como UX Lead, integrando investigaci\u00f3n con usuarios para dise\u00f1ar soluciones centradas en sus necesidades. Trabajo en equipos multidisciplinarios, con enfoque estrat\u00e9gico, pensamiento \u00e1gil y excelente comunicaci\u00f3n interna y<\/p>\n","protected":false},"author":1,"featured_media":0,"parent":2,"menu_order":0,"comment_status":"closed","ping_status":"closed","template":"mgp-template.php","meta":{"footnotes":""},"class_list":["post-45","page","type-page","status-publish","hentry"],"_links":{"self":[{"href":"https:\/\/proyectoimagen.cl\/Portafolio\/index.php?rest_route=\/wp\/v2\/pages\/45","targetHints":{"allow":["GET"]}}],"collection":[{"href":"https:\/\/proyectoimagen.cl\/Portafolio\/index.php?rest_route=\/wp\/v2\/pages"}],"about":[{"href":"https:\/\/proyectoimagen.cl\/Portafolio\/index.php?rest_route=\/wp\/v2\/types\/page"}],"author":[{"embeddable":true,"href":"https:\/\/proyectoimagen.cl\/Portafolio\/index.php?rest_route=\/wp\/v2\/users\/1"}],"replies":[{"embeddable":true,"href":"https:\/\/proyectoimagen.cl\/Portafolio\/index.php?rest_route=%2Fwp%2Fv2%2Fcomments&post=45"}],"version-history":[{"count":10,"href":"https:\/\/proyectoimagen.cl\/Portafolio\/index.php?rest_route=\/wp\/v2\/pages\/45\/revisions"}],"predecessor-version":[{"id":337,"href":"https:\/\/proyectoimagen.cl\/Portafolio\/index.php?rest_route=\/wp\/v2\/pages\/45\/revisions\/337"}],"up":[{"embeddable":true,"href":"https:\/\/proyectoimagen.cl\/Portafolio\/index.php?rest_route=\/wp\/v2\/pages\/2"}],"wp:attachment":[{"href":"https:\/\/proyectoimagen.cl\/Portafolio\/index.php?rest_route=%2Fwp%2Fv2%2Fmedia&parent=45"}],"curies":[{"name":"wp","href":"https:\/\/api.w.org\/{rel}","templated":true}]}}